{"id":3361,"date":"2015-07-05T08:33:38","date_gmt":"2015-07-05T08:33:38","guid":{"rendered":"http:\/\/themes.themegoods.com\/photography\/demo1\/?page_id=3361"},"modified":"2024-02-17T04:30:25","modified_gmt":"2024-02-17T04:30:25","slug":"kontaktaufnahme","status":"publish","type":"page","link":"https:\/\/photobux.ch\/de\/kontaktaufnahme\/","title":{"rendered":"Kontaktaufnahme"},"content":{"rendered":"<div  class=\"one withsmallpadding ppb_header \" style=\"text-align:center;padding:0px 0 0px 0;\" >\n<div class=\"standard_wrapper\">\n<div class=\"page_content_wrapper\">\n<div class=\"inner\">\n<div style=\"margin:auto;width:100%\">\n<hr class=\"title_break center\" style=\"\"\/>\n<div class=\"ppb_header_content\">\n<h1 style=\"text-align: center;\">Charlie der Fotobulli<\/h1>\n<h2 style=\"text-align: center;\">Kontaktaufnahme<\/h2>\n<h3 style=\"text-align: center;\">The PhotoBux<\/h3>\n<h4 style=\"text-align: center;\">ist ein Produkt der<\/h4>\n<h3 style=\"text-align: center;\">Holistic Development Network Sagl<\/h3>\n<h4 style=\"text-align: center;\">mit Sitz im Tessin<\/h4>\n<p style=\"text-align: center;\">Via Alle Scuole 8, 6716 Acquarossa<br \/>\n<a href=\"tel:+41763648192\"> +41 76 364 8192<\/a><br \/>\n<a href=\"https:\/\/wa.me\/41764638192\"><i class=\"fa fa-whatsapp\" aria-hidden=\"true\"><\/i> WhatsApp<\/a><\/p>\n<\/div>\n<\/div>\n<\/div>\n<\/div>\n<\/div>\n<\/div>\n<div  class=\"one withsmallpadding ppb_text\" style=\"padding:30px 0 30px 0;\" >\n<div class=\"standard_wrapper\">\n<div class=\"page_content_wrapper\">\n<div class=\"inner\">\n<div style=\"margin:auto;width:80%\">\n<p>F\u00fcr Fragen, Anregungen und W\u00fcnsche stehen wir Ihnen gerne zur Verf\u00fcgung! F\u00fcllen Sie bitte untenstehendes Formular aus. Wir werden uns so schnell wie m\u00f6glich bei Ihnen melden.<\/p>\n<div class=\"frm_forms  with_frm_style frm_style_formidable-style\" id=\"frm_form_1_container\" >\n<form enctype=\"multipart\/form-data\" method=\"post\" class=\"frm-show-form  frm_pro_form  frm-admin-viewing \" id=\"form_contact-form\"  >\n<div class=\"frm_form_fields \">\n<fieldset>\n<legend class=\"frm_screen_reader\">Kontaktaufnahme<\/legend>\n<div style=\"text-align:center\"><\/div>\n<div  style=\"text-align:center\" class=\"frm_description\"><\/div>\n<div class=\"frm_fields_container\">\n<input type=\"hidden\" name=\"frm_action\" value=\"create\" \/><br \/>\n<input type=\"hidden\" name=\"form_id\" value=\"1\" \/><br \/>\n<input type=\"hidden\" name=\"frm_hide_fields_1\" id=\"frm_hide_fields_1\" value=\"\" \/><br \/>\n<input type=\"hidden\" name=\"form_key\" value=\"contact-form\" \/><br \/>\n<input type=\"hidden\" name=\"item_meta[0]\" value=\"\" \/><br \/>\n<input type=\"hidden\" id=\"frm_submit_entry_1\" name=\"frm_submit_entry_1\" value=\"aca5ea8254\" \/><input type=\"hidden\" name=\"_wp_http_referer\" value=\"\/wp-admin\/post.php\" \/><\/p>\n<div id=\"frm_field_1_container\" class=\"frm_form_field form-field  frm_required_field frm_top_container frm_first frm_half\">\n    <label for=\"field_qh4icy\" id=\"field_qh4icy_label\" class=\"frm_primary_label\">Name<br \/>\n        <span class=\"frm_required\">*<\/span><br \/>\n    <\/label><br \/>\n    <input type=\"text\" id=\"field_qh4icy\" name=\"item_meta[1]\" value=\"\"  data-reqmsg=\"Dieses Feld darf nicht leer sein.\" aria-required=\"true\" data-invmsg=\"Name is invalid\" aria-invalid=\"false\"   aria-describedby=\"frm_desc_field_qh4icy\"\/><\/p>\n<div class=\"frm_description\" id=\"frm_desc_field_qh4icy\">Name<\/div>\n<\/div>\n<div id=\"frm_field_2_container\" class=\"frm_form_field form-field  frm_required_field frm_hidden_container frm_half\">\n    <label for=\"field_ocfup1\" id=\"field_ocfup1_label\" class=\"frm_primary_label\">Familienname<br \/>\n        <span class=\"frm_required\">*<\/span><br \/>\n    <\/label><br \/>\n    <input type=\"text\" id=\"field_ocfup1\" name=\"item_meta[2]\" value=\"\"  data-reqmsg=\"Dieses Feld darf nicht leer sein.\" aria-required=\"true\" data-invmsg=\"Last is invalid\" aria-invalid=\"false\"   aria-describedby=\"frm_desc_field_ocfup1\"\/><\/p>\n<div class=\"frm_description\" id=\"frm_desc_field_ocfup1\">Familienname<\/div>\n<\/div>\n<div id=\"frm_field_4_container\" class=\"frm_form_field form-field  frm_required_field frm_top_container frm_full\">\n    <label for=\"field_e6lis6\" id=\"field_e6lis6_label\" class=\"frm_primary_label\">Betreff<br \/>\n        <span class=\"frm_required\">*<\/span><br \/>\n    <\/label><br \/>\n    <input type=\"text\" id=\"field_e6lis6\" name=\"item_meta[4]\" value=\"\"  data-reqmsg=\"Dieses Feld darf nicht leer sein.\" aria-required=\"true\" data-invmsg=\"Subject is invalid\" aria-invalid=\"false\"  \/><\/p>\n<\/div>\n<div id=\"frm_field_72_container\" class=\"frm_form_field form-field  frm_top_container frm_first frm_half\">\n    <label for=\"field_qn5cr\" id=\"field_qn5cr_label\" class=\"frm_primary_label\">Telefon<br \/>\n        <span class=\"frm_required\"><\/span><br \/>\n    <\/label><br \/>\n    <input type=\"tel\" id=\"field_qn5cr\" name=\"item_meta[72]\" value=\"\"  data-invmsg=\"Phone is invalid\" aria-invalid=\"false\" pattern=\"((+d{1,3}(-|.| )?(?d)?(-| |.)?d{1,5})|((?d{2,6})?))(-|.| )?(d{3,4})(-|.| )?(d{4})(( x| ext)d{1,5}){0,1}$\"  \/><\/p>\n<\/div>\n<div id=\"frm_field_3_container\" class=\"frm_form_field form-field  frm_required_field frm_top_container frm_half\">\n    <label for=\"field_29yf4d\" id=\"field_29yf4d_label\" class=\"frm_primary_label\">Email<br \/>\n        <span class=\"frm_required\">*<\/span><br \/>\n    <\/label><br \/>\n    <input type=\"email\" id=\"field_29yf4d\" name=\"item_meta[3]\" value=\"\"  data-reqmsg=\"Dieses Feld darf nicht leer sein.\" aria-required=\"true\" data-invmsg=\"Please enter a valid email address\" aria-invalid=\"false\"  \/><\/p>\n<\/div>\n<div id=\"frm_field_5_container\" class=\"frm_form_field form-field  frm_required_field frm_top_container frm_full\">\n    <label for=\"field_9jv0r1\" id=\"field_9jv0r1_label\" class=\"frm_primary_label\">Nachricht<br \/>\n        <span class=\"frm_required\">*<\/span><br \/>\n    <\/label><br \/>\n    <textarea name=\"item_meta[5]\" id=\"field_9jv0r1\" rows=\"5\"  data-reqmsg=\"Dieses Feld darf nicht leer sein.\" aria-required=\"true\" data-invmsg=\"Nachricht is invalid\" aria-invalid=\"false\"  ><\/textarea><\/p>\n<\/div>\n<div id=\"frm_field_71_container\" class=\"frm_form_field form-field  frm_none_container\">\n    <label for=\"g-recaptcha-response\" id=\"field_1lq1v_label\" class=\"frm_primary_label\">reCAPTCHA<br \/>\n        <span class=\"frm_required\"><\/span><br \/>\n    <\/label><\/p>\n<div id=\"field_1lq1v\" class=\"frm-g-recaptcha\" data-sitekey=\"6LcX_9sUAAAAABxtJHCf8A3EwWC2A75F-Io6T9Wo\" data-size=\"normal\" data-theme=\"light\"><\/div>\n<\/div>\n<div class=\"frm_form_field form-field\">\n\t<label class=\"frm_primary_label\">Entry Key<\/label><br \/>\n\t<input type=\"text\" name=\"item_key\" value=\"\" \/>\n\t<\/div>\n<p>\t<input name=\"frm_state\" type=\"hidden\" value=\"hChP2hFLWjDdcscsTNtDzUM6FIKRSdj2mauf3b5OIIo=\" \/><\/div>\n<\/fieldset>\n<\/div>\n<\/form>\n<\/div>\n<\/div>\n<\/div>\n<\/div>\n<\/div>\n<\/div>\n","protected":false},"excerpt":{"rendered":"","protected":false},"author":1,"featured_media":6198,"parent":0,"menu_order":0,"comment_status":"open","ping_status":"open","template":"","meta":{"footnotes":""},"class_list":["post-3361","page","type-page","status-publish","has-post-thumbnail","hentry"],"_links":{"self":[{"href":"https:\/\/photobux.ch\/de\/wp-json\/wp\/v2\/pages\/3361","targetHints":{"allow":["GET"]}}],"collection":[{"href":"https:\/\/photobux.ch\/de\/wp-json\/wp\/v2\/pages"}],"about":[{"href":"https:\/\/photobux.ch\/de\/wp-json\/wp\/v2\/types\/page"}],"author":[{"embeddable":true,"href":"https:\/\/photobux.ch\/de\/wp-json\/wp\/v2\/users\/1"}],"replies":[{"embeddable":true,"href":"https:\/\/photobux.ch\/de\/wp-json\/wp\/v2\/comments?post=3361"}],"version-history":[{"count":10,"href":"https:\/\/photobux.ch\/de\/wp-json\/wp\/v2\/pages\/3361\/revisions"}],"predecessor-version":[{"id":10340,"href":"https:\/\/photobux.ch\/de\/wp-json\/wp\/v2\/pages\/3361\/revisions\/10340"}],"wp:featuredmedia":[{"embeddable":true,"href":"https:\/\/photobux.ch\/de\/wp-json\/wp\/v2\/media\/6198"}],"wp:attachment":[{"href":"https:\/\/photobux.ch\/de\/wp-json\/wp\/v2\/media?parent=3361"}],"curies":[{"name":"wp","href":"https:\/\/api.w.org\/{rel}","templated":true}]}}