{"id":5199,"date":"2015-09-30T13:22:29","date_gmt":"2015-09-30T13:22:29","guid":{"rendered":"http:\/\/themes.themegoods.com\/photography\/demo1\/?page_id=5199"},"modified":"2026-05-05T10:52:12","modified_gmt":"2026-05-05T10:52:12","slug":"charlies-home","status":"publish","type":"page","link":"https:\/\/photobux.ch\/de\/","title":{"rendered":"Charlie der Fotobulli"},"content":{"rendered":"<div  class=\"one fullwidth \"><\/div>\n<div  class=\"one withsmallpadding ppb_header \" style=\"text-align:center;padding:0px 0 0px 0;\" >\n<div class=\"standard_wrapper\">\n<div class=\"page_content_wrapper\">\n<div class=\"inner\">\n<h2 class=\"ppb_title\" style=\"\">Charlie, il Fotobulli Song<\/h2>\n<hr class=\"title_break center\" style=\"\"\/>\n<div class=\"ppb_header_content\">\n<p><iframe loading=\"lazy\" title=\"Charlie, Il Photobulli\" width=\"500\" height=\"375\" src=\"https:\/\/www.youtube.com\/embed\/GVthCPmDl-Y?feature=oembed\" frameborder=\"0\" allow=\"accelerometer; autoplay; clipboard-write; encrypted-media; gyroscope; picture-in-picture; web-share\" referrerpolicy=\"strict-origin-when-cross-origin\" allowfullscreen><\/iframe><\/p>\n<\/div>\n<\/div>\n<\/div>\n<\/div>\n<\/div>\n<div class=\"standard_wrapper\">\n<div  class=\"one_third withsmallpadding ppb_text\" style=\"padding:0px 0 0px 0;\" >\n<div class=\"standard_wrapper\">\n<div class=\"page_content_wrapper\">\n<div class=\"inner\">\n<div style=\"margin:auto;width:100%\">\n<h4 style=\"text-align: center;\">VW Fotobulli<\/h4>\n<p>Charlie der Fotobulli ist der hippste Hippie in der Schweiz. Ein Oldtimer mit junger Seele, der noch immer eine Menge zu bieten hat.<\/p>\n<p>Charlie ist der Trauzeuge auf deiner Hochzeit, dein bester Freund auf deinem Geburtstag, der Star am OpenAir, ist der L\u00f6we deiner Party und der Unterhalter auf dem Dorffest.<\/p>\n<p>Sein einzigartiges Talent ist es, mit Hilfe des eingebautem Photoboth, besondere Momente festzuhalten. Auf diese Weise hast du die sch\u00f6nsten Momente deiner Party immer als Erinnerung auf Fotos verewigt.<\/p>\n<\/div>\n<\/div>\n<\/div>\n<\/div>\n<\/div>\n<\/div>\n<div class=\"standard_wrapper\">\n<div  class=\"one_third withsmallpadding ppb_text\" style=\"padding:0px 0 0px 0;\" >\n<div class=\"standard_wrapper\">\n<div class=\"page_content_wrapper\">\n<div class=\"inner\">\n<div style=\"margin:auto;width:100%\">\n<h4 style=\"text-align: center;\"><span style=\"color: #800000;\">Charlie der Fotobulli<\/h4>\n<p style=\"text-align: center;\"><img loading=\"lazy\" decoding=\"async\" class=\"aligncenter wp-image-6405 size-full\" src=\"https:\/\/photobux.ch\/wp-content\/uploads\/2019\/11\/Photobus-Animation-200.gif\" alt=\"Charlie der Fotobulli\" width=\"200\" height=\"200\" \/><\/p>\n<h4 style=\"text-align: center;\"><span style=\"color: #800000;\">Make Someone Happy ;<\/span><\/h4>\n<\/div>\n<\/div>\n<\/div>\n<\/div>\n<\/div>\n<\/div>\n<div class=\"standard_wrapper\">\n<div  class=\"one_third last withsmallpadding ppb_text\" style=\"padding:0px 0 0px 0;\" >\n<div class=\"standard_wrapper\">\n<div class=\"page_content_wrapper\">\n<div class=\"inner\">\n<div style=\"margin:auto;width:100%\">\n<h4 style=\"text-align: center;\">Photobooth &#038; Fotobus<\/h4>\n<p>Du hast es bei diesem Typen mit einem 78er VW T2 Typ-II Westfalia Special Champagne Edition zu tun.<\/p>\n<p>Charlie liegt es am Herzen, Freude zu verbreiten wo auch immer er sich im Moment befindet. Spass zu haben mit deinen G\u00e4sten steht daher ganz oben auf seiner Liste.<\/p>\n<p>Wie du siehst, ist er eine Rarit\u00e4t auf dem Markt, die Jedermanns Herz h\u00f6herschlagen l\u00e4sst.<\/p>\n<p>Charlie ist ein Bus mit einer Photobooth. Aber nicht nur das! Er ist weit mehr als nur ein Fotobus.<\/p>\n<\/div>\n<\/div>\n<\/div>\n<\/div>\n<\/div>\n<\/div>\n<div  class=\"one\" style=\"background-color:#ffd98e;\" >\n<div class=\"page_content_wrapper nopadding\">\n<div class=\"one_half_bg\" style=\"background-image:url(https:\/\/photobux.ch\/wp-content\/uploads\/2019\/12\/FotoBus-fuer-Hochzeiten.jpg);height:530px;\"><\/div>\n<div class=\"one_half_bg\" style=\"padding:10px;\">\n<div class=\"ppb_subtitle\" style=\"\">Wer ist Charlie?<\/div>\n<h2 class=\"ppb_title\" style=\"\">Charlie der Fotobulli<\/h2>\n<hr class=\"title_break left\" style=\"\"\/>\n<div class=\"ppb_header_content\">\n<p>Charlie der Fotobulli ist eine Photobooth eingepackt in einem VW Oldtimer. Er ist aber ein Hexenwerk, wenn es um die eingebaute Fotobus geht. Er besitzt aller modernste Technik.<\/p>\n<p>Charlie hat eine professionelle Canon DSLR-Kamera, ein Philips Hue Smart LED-Lichtsystem, ein Touchscreen Smart-Monitor sowie ein Thermosublimations-Fotodrucker mit brillanten Farben, der die Fotos in Sekundenschnelle druckt. All diese technologischen Ger\u00e4te sorgen f\u00fcr das typische Fotoautomat-Erlebnis.<\/p>\n<p>Unser hippe Hippie Charlie garantiert dir, dass er dir mit seiner hochwertigsten Kamera auch ausschliesslich die digitalen Fotos von bester Qualit\u00e4t liefert. Es gibt auch die M\u00f6glichkeit all die Fotos sofort auszudrucken. Die Fotos werden ihre Farben Jahrzehntelang behalten. <\/p>\n<p>Ausserdem besteht auch die Option die Fotos herunterzuladen. Es gibt eine Online Foto-Galerie. Ein weiterer Pluspunkt ist, dass die Foto-Galerie mittels eines Passwortes gesch\u00fctzt ist. Die Fotos k\u00f6nnen vom Gastgeber \u00fcberpr\u00fcft werden, bevor sie allen G\u00e4sten gezeigt werden. Unvorteilhafte Bilder k\u00f6nnen dadurch genehmigt bzw. verweigert werden.<\/p>\n<p>Charlie ist die besondere Art von PhotoBus mit dem Motto:<\/p>\n<h3><strong>&#8220;Make someone happy!&#8221;<\/strong><\/h3>\n<\/div>\n<\/div>\n<p><br class=\"clear\"\/><\/div>\n<\/div>\n<div  class=\" standard_wrapper ppb_popup one withbg \" style=\"background-image:url(https:\/\/photobux.ch\/wp-content\/uploads\/2019\/10\/Charlie-Ruecksitz.jpg);background-position: center center;padding:100px 0 100px 0;\" >\n<div class=\"page_content_wrapper\">\n<div class=\"inner\">\n<div class=\"overlay_gallery_wrapper\" style=\"text-align:center;background:;\">\n<div class=\"overlay_gallery_border\" style=\"\">\n<div class=\"overlay_gallery_content\">\n<h2 class=\"ppb_title\" style=\"\">Fotobus mieten<\/h2>\n<hr class=\"title_break center\" style=\"\"\/>\n<div class=\"ppb_header_content\">\n<p><img loading=\"lazy\" decoding=\"async\" class=\"aligncenter size-full wp-image-7377\" src=\"https:\/\/photobux.ch\/wp-content\/uploads\/2020\/03\/Charlie-der-Fotobulli-e1583777063376.jpg\" alt=\"Charlie der Fotobulli\" width=\"440\" height=\"248\" \/><br \/>\nUnser Charlie f\u00e4hrt Events aller Art an, um deine G\u00e4ste gl\u00fccklich zu machen. Charlie zaubert ein L\u00e4cheln in die Gesichter deiner G\u00e4ste. Er schiesst coole Selfies und h\u00e4lt die einzigartige Stimmung auf Bildern fest. Die Fotos k\u00f6nnen sofort mitgenommen werden, damit man sich an den besonderen Tag immer wieder erinnern kann.<\/p>\n<p><a class=\"button\" href=\"https:\/\/photobux.ch\/de\/fotobus-mieten-preise\/\">jetzt Fotobus mieten<\/a><\/p>\n<\/div>\n<\/div>\n<\/div>\n<\/div>\n<\/div>\n<\/div>\n<\/div>\n<div  class=\"ppb_portfolio one nopadding \" style=\"margin-top: 20px;\" >\n<div class=\"page_content_wrapper \">\n<div class=\"standard_wrapper\">\n<div id=\"17779768971741961847\" class=\"portfolio_filter_wrapper masonry gallery infinite_portfolio portfolio-content section content clearfix four_cols contain\" data-cat=\"event-typen\" data-columns=\"4\" data-gutter=\"30\" data-filter=\"0\" data-next-action=\"photography_portfolio_grid\" data-type=\"grid\" data-layout=\"contain\" data-items=\"4\" data-items-ini=\"0\" data-order=\"ASC\" data-order-by=\"rand\">\n<div class=\"element grid masonry classic4_cols kenburns\">\n<div class=\"one_fourth gallery4 filterable static animated1 gallery_type portfolio_type hover_display\"><a href=\"https:\/\/photobux.ch\/de\/portfolios\/feiern\/\" data-srcset=\"https:\/\/photobux.ch\/wp-content\/uploads\/2019\/11\/05-Charlie-Feier-1024X576--768x432.jpg 320w, https:\/\/photobux.ch\/wp-content\/uploads\/2019\/11\/05-Charlie-Feier-1024X576--705x529.jpg 768w\" sizes=\"100vw\" class=\"replace progressive \"><img decoding=\"async\" src=\"https:\/\/photobux.ch\/wp-content\/uploads\/2019\/11\/05-Charlie-Feier-1024X576--35x26.jpg\" alt=\"Feiern\" class=\"preview\"\/><\/p>\n<div id=\"portfolio_desc_6028\" class=\"portfolio_title\">\n<div class=\"table\">\n<div class=\"cell\">\n<h5>Feiern<\/h5>\n<div class=\"post_detail\"><\/div>\n<\/p><\/div>\n<\/p><\/div>\n<\/p><\/div>\n<p><\/a><\/div>\n<\/div>\n<div class=\"element grid masonry classic4_cols kenburns\">\n<div class=\"one_fourth gallery4 filterable static animated2 gallery_type portfolio_type hover_display\"><a href=\"https:\/\/photobux.ch\/de\/portfolios\/partys\/\" data-srcset=\"https:\/\/photobux.ch\/wp-content\/uploads\/2019\/11\/03-Charlie-Feste-1024X576-768x432.jpg 320w, https:\/\/photobux.ch\/wp-content\/uploads\/2019\/11\/03-Charlie-Feste-1024X576-705x529.jpg 768w\" sizes=\"100vw\" class=\"replace progressive \"><img decoding=\"async\" src=\"https:\/\/photobux.ch\/wp-content\/uploads\/2019\/11\/03-Charlie-Feste-1024X576-35x26.jpg\" alt=\"Partys\" class=\"preview\"\/><\/p>\n<div id=\"portfolio_desc_6016\" class=\"portfolio_title\">\n<div class=\"table\">\n<div class=\"cell\">\n<h5>Partys<\/h5>\n<div class=\"post_detail\"><\/div>\n<\/p><\/div>\n<\/p><\/div>\n<\/p><\/div>\n<p><\/a><\/div>\n<\/div>\n<div class=\"element grid masonry classic4_cols kenburns\">\n<div class=\"one_fourth gallery4 filterable static animated3 gallery_type portfolio_type hover_display\"><a href=\"https:\/\/photobux.ch\/de\/portfolios\/konzerte\/\" data-srcset=\"https:\/\/photobux.ch\/wp-content\/uploads\/2019\/11\/04-Charlie-Konzerte-1024X576-768x432.jpg 320w, https:\/\/photobux.ch\/wp-content\/uploads\/2019\/11\/04-Charlie-Konzerte-1024X576-705x529.jpg 768w\" sizes=\"100vw\" class=\"replace progressive \"><img decoding=\"async\" src=\"https:\/\/photobux.ch\/wp-content\/uploads\/2019\/11\/04-Charlie-Konzerte-1024X576-35x26.jpg\" alt=\"Konzerte\" class=\"preview\"\/><\/p>\n<div id=\"portfolio_desc_6026\" class=\"portfolio_title\">\n<div class=\"table\">\n<div class=\"cell\">\n<h5>Konzerte<\/h5>\n<div class=\"post_detail\"><\/div>\n<\/p><\/div>\n<\/p><\/div>\n<\/p><\/div>\n<p><\/a><\/div>\n<\/div>\n<div class=\"element grid masonry classic4_cols kenburns\">\n<div class=\"one_fourth gallery4 filterable static animated4 gallery_type portfolio_type hover_display\"><a href=\"https:\/\/photobux.ch\/de\/portfolios\/festlichkeiten\/\" data-srcset=\"https:\/\/photobux.ch\/wp-content\/uploads\/2019\/11\/02-Charlie-Festival-1024X576-768x432.jpg 320w, https:\/\/photobux.ch\/wp-content\/uploads\/2019\/11\/02-Charlie-Festival-1024X576-705x529.jpg 768w\" sizes=\"100vw\" class=\"replace progressive \"><img decoding=\"async\" src=\"https:\/\/photobux.ch\/wp-content\/uploads\/2019\/11\/02-Charlie-Festival-1024X576.jpg\" alt=\"Festlichkeiten\" class=\"preview\"\/><\/p>\n<div id=\"portfolio_desc_6005\" class=\"portfolio_title\">\n<div class=\"table\">\n<div class=\"cell\">\n<h5>Festlichkeiten<\/h5>\n<div class=\"post_detail\"><\/div>\n<\/p><\/div>\n<\/p><\/div>\n<\/p><\/div>\n<p><\/a><\/div>\n<\/div>\n<\/div>\n<div class=\"infinite_loading\" id=\"17779768971741961847_loading\"><i class=\"fa fa-circle-o-notch fa-spin\"><\/i><\/div>\n<p><input type=\"hidden\" id=\"17779768971741961847_offset\" name=\"17779768971741961847_offset\" value=\"0\" \/><input type=\"hidden\" id=\"17779768971741961847_total\" name=\"17779768971741961847_total\" value=\"4\" \/><input type=\"hidden\" id=\"17779768971741961847_status\" name=\"17779768971741961847_status\" value=\"0\" \/><\/div>\n<\/div>\n<\/div>\n<div class=\"one\" ><\/div>\n<div  class=\"one ppb_fullwidth_button\" style=\"background-color:#222222;padding:50px 0 50px 0;\">\n<div class=\"standard_wrapper\">\n<h2 class=\"title\" style=\"color:#ffffff;\">Fotobus mieten kosten<\/h2>\n<p><a href=\"https:\/\/photobux.ch\/de\/fotobus-mieten-preise\/\" class=\"button\" style=\"background-color:#959595;border-color:#959595;color:#ffffff;\">die Preise ansehen<\/a><\/div>\n<\/div>\n","protected":false},"excerpt":{"rendered":"","protected":false},"author":1,"featured_media":6617,"parent":0,"menu_order":0,"comment_status":"closed","ping_status":"closed","template":"","meta":{"footnotes":""},"class_list":["post-5199","page","type-page","status-publish","has-post-thumbnail","hentry"],"_links":{"self":[{"href":"https:\/\/photobux.ch\/de\/wp-json\/wp\/v2\/pages\/5199","targetHints":{"allow":["GET"]}}],"collection":[{"href":"https:\/\/photobux.ch\/de\/wp-json\/wp\/v2\/pages"}],"about":[{"href":"https:\/\/photobux.ch\/de\/wp-json\/wp\/v2\/types\/page"}],"author":[{"embeddable":true,"href":"https:\/\/photobux.ch\/de\/wp-json\/wp\/v2\/users\/1"}],"replies":[{"embeddable":true,"href":"https:\/\/photobux.ch\/de\/wp-json\/wp\/v2\/comments?post=5199"}],"version-history":[{"count":45,"href":"https:\/\/photobux.ch\/de\/wp-json\/wp\/v2\/pages\/5199\/revisions"}],"predecessor-version":[{"id":12150,"href":"https:\/\/photobux.ch\/de\/wp-json\/wp\/v2\/pages\/5199\/revisions\/12150"}],"wp:featuredmedia":[{"embeddable":true,"href":"https:\/\/photobux.ch\/de\/wp-json\/wp\/v2\/media\/6617"}],"wp:attachment":[{"href":"https:\/\/photobux.ch\/de\/wp-json\/wp\/v2\/media?parent=5199"}],"curies":[{"name":"wp","href":"https:\/\/api.w.org\/{rel}","templated":true}]}}