{"id":6611,"date":"2019-11-30T17:31:55","date_gmt":"2019-11-30T17:31:55","guid":{"rendered":"https:\/\/photobux.ch\/?page_id=6611"},"modified":"2024-02-19T07:02:54","modified_gmt":"2024-02-19T07:02:54","slug":"leistungen","status":"publish","type":"page","link":"https:\/\/photobux.ch\/de\/leistungen\/","title":{"rendered":"Leistungen"},"content":{"rendered":"<div class=\"standard_wrapper\">\n<div  class=\"one\" style=\"padding:30px 0 30px 0;\" >\n<div class=\"page_content_wrapper\">\n<div class=\"inner\">\n<div class=\"image_classic_frame expand\">\n<div class=\"image_wrapper\"><img decoding=\"async\" src=\"https:\/\/photobux.ch\/wp-content\/uploads\/2020\/02\/Photobus-Charlie-FB.jpg\" alt=\"\" class=\"preview\"\/><\/div>\n<\/div>\n<\/div>\n<\/div>\n<\/div>\n<\/div>\n<div class=\"standard_wrapper\">\n<div  class=\"one_third withsmallpadding ppb_text\" style=\"padding:30px 0 30px 0;\" >\n<div class=\"standard_wrapper\">\n<div class=\"page_content_wrapper\">\n<div class=\"inner\">\n<div style=\"margin:auto;width:100%\">\n<p style=\"text-align: center;\"><img loading=\"lazy\" decoding=\"async\" class=\"aligncenter size-medium wp-image-6692\" src=\"https:\/\/photobux.ch\/wp-content\/uploads\/2020\/01\/Photobus-Props-300x300.jpg\" alt=\"\" width=\"300\" height=\"300\" \/><\/p>\n<h5 style=\"text-align: center;\">Props \/ Verkleidung \/ Accessoires<\/h5>\n<p>Charlie kommt immer mit Props. Props ist Verkleidungsmaterial, welches in deinem Event noch mehr Spass bringt. Brillen, H\u00fcte, usw. sind immer dabei. Du kannst nat\u00fcrlich deine eigenen Accessoires mitbringen.<br \/>\nWir haben auch Einweg-Accessoires. Auf Wunsch und nat\u00fcrlich f\u00fcr einen kleinen Aufpreis. Du kannst sie nach der Veranstaltung behalten.\n<\/p>\n<\/div>\n<\/div>\n<\/div>\n<\/div>\n<\/div>\n<\/div>\n<div class=\"standard_wrapper\">\n<div  class=\"one_third withsmallpadding ppb_text\" style=\"padding:30px 0 30px 0;\" >\n<div class=\"standard_wrapper\">\n<div class=\"page_content_wrapper\">\n<div class=\"inner\">\n<div style=\"margin:auto;width:100%\">\n<p style=\"text-align: center;\"><img loading=\"lazy\" decoding=\"async\" class=\"aligncenter size-medium wp-image-6691\" src=\"https:\/\/photobux.ch\/wp-content\/uploads\/2020\/01\/Photobus-Printout-300x300.jpg\" alt=\"\" width=\"300\" height=\"300\" \/><\/p>\n<h5 style=\"text-align: center;\">Fotos<\/h5>\n<p style=\"text-align: left;\">Charlies&#8250; Fotos werden wegen ihrer hervorragenden Qualit\u00e4t ihre Farben jahrelang behalten. Die scharfen Profi-Farben mit Studioqualit\u00e4t werden dich mit ihrer unglaublichen Detailtreue \u00fcberzeugen.<br \/>\nDie Fotos sind perfekt f\u00fcr Drucke, Fotob\u00fccher und Social-Media-Sharing.<br \/>\nDie Texte, Logos und der Hintergrund auf den ausgedruckten Fotos sind frei nach Wunsch gestaltbar.\n<\/p>\n<\/div>\n<\/div>\n<\/div>\n<\/div>\n<\/div>\n<\/div>\n<div class=\"standard_wrapper\">\n<div  class=\"one_third last withsmallpadding ppb_text\" style=\"padding:30px 0 30px 0;\" >\n<div class=\"standard_wrapper\">\n<div class=\"page_content_wrapper\">\n<div class=\"inner\">\n<div style=\"margin:auto;width:100%\">\n<p style=\"text-align: center;\"><img loading=\"lazy\" decoding=\"async\" class=\"aligncenter size-medium wp-image-6729\" src=\"https:\/\/photobux.ch\/wp-content\/uploads\/2020\/02\/Photobus-Fotodrucker-300x300.jpg\" alt=\"\" width=\"300\" height=\"300\" \/><\/p>\n<h5 style=\"text-align: center;\">Sofortdruck ohne Limit<\/h5>\n<p style=\"text-align: left;\">Charlie hat einen super Hi-Tech Drucker: Ein zuverl\u00e4ssiger Thermo-Performer f\u00fcr Fotodrucke vor Ort. Charlies&#8250; Thermodrucker \u00fcberzeugt mit seiner Geschwindigkeit, Leistungsst\u00e4rke und Qualit\u00e4t.<br \/>\nUnd das Allerbeste ist, dass der Drucker unlimitierte Fotos vor Ort f\u00fcr deine G\u00e4ste ausdruckt.<\/p>\n<\/div>\n<\/div>\n<\/div>\n<\/div>\n<\/div>\n<\/div>\n<div class=\"divider one\">&nbsp;<\/div>\n<div class=\"standard_wrapper\">\n<div  class=\"one_third withsmallpadding ppb_text\" style=\"padding:30px 0 30px 0;\" >\n<div class=\"standard_wrapper\">\n<div class=\"page_content_wrapper\">\n<div class=\"inner\">\n<div style=\"margin:auto;width:100%\">\n<p style=\"text-align: center;\"><img loading=\"lazy\" decoding=\"async\" class=\"aligncenter size-medium wp-image-6692\" src=\"https:\/\/photobux.ch\/wp-content\/uploads\/2020\/07\/Charlie-Webgalerie.jpg\" alt=\"\" width=\"300\" height=\"300\" \/><\/p>\n<h5 style=\"text-align: center;\">Express-Webgalerie<\/h5>\n<p><strong>(in 24 Std + passwortgesch\u00fctzt + Gastgeber \u00dcberpr\u00fcfung) <\/strong>Charlie kommt immer mit einer Express-Fotogalerie. Die passwortgesch\u00fctzte Webgalerie, damit niemand ausser dir und deine G\u00e4ste die Bilder sehen k\u00f6nnen, wird innerhalb 24 Stunden nach deinem Event bereitgestellt.<br \/>\nPS: Wenn du vor der Ver\u00f6ffentlichung der Bilder diese als Gastgeber \u00fcberpr\u00fcfen willst, gib einfach im Voraus Bescheid. Bitte beachte, dass dieses den Zugriff f\u00fcr deine G\u00e4ste zeitlich nach hinten verschieben kann.\n<\/p>\n<\/div>\n<\/div>\n<\/div>\n<\/div>\n<\/div>\n<\/div>\n<div class=\"standard_wrapper\">\n<div  class=\"one_third withsmallpadding ppb_text\" style=\".center {  margin: auto;  width: 300px; height: 300px;}padding:50px 0 50px 0;\" >\n<div class=\"standard_wrapper\">\n<div class=\"page_content_wrapper\">\n<div class=\"inner\">\n<div style=\"margin:auto;width:100%\">\n<p style=\"text-align: center;\">\n<div  class=\"center\"><\/div>\n<p>\u00a0<\/p>\n<h5 style=\"text-align: center;\">auswechselbarer Hintergrund<\/h5>\n<p>Das ganze Design, sowohl im Fotobus, als auch auf den ausgedruckten Fotos ist nach deinem Wunsch gestaltbar.<br \/>\nCharlie, der Fotobulli hat einen auswechselbaren Hintergrund, damit er die Stimmung deines Events besser einf\u00e4ngt. Es ist m\u00f6glich, einen von mehreren Hintergr\u00fcnden zu w\u00e4hlen. <\/p>\n<\/div>\n<\/div>\n<\/div>\n<\/div>\n<\/div>\n<\/div>\n<div class=\"standard_wrapper\">\n<div  class=\"one_third last withsmallpadding ppb_text\" style=\"padding:30px 0 30px 0;\" >\n<div class=\"standard_wrapper\">\n<div class=\"page_content_wrapper\">\n<div class=\"inner\">\n<div style=\"margin:auto;width:100%\">\n<p style=\"text-align: center;\"><img loading=\"lazy\" decoding=\"async\" class=\"aligncenter size-medium wp-image-6692\" src=\"https:\/\/photobux.ch\/wp-content\/uploads\/2020\/07\/Charlie-Betreuung.jpg\" alt=\"\" width=\"300\" height=\"300\" \/><\/p>\n<h5 style=\"text-align: center;\">Betreuung vor Ort<\/h5>\n<p>Charlie wird vor Ort immer betreut.<br \/>\n&#171;Betreuung vor Ort&#187; bedeutet, dass die Betreuung der Fotoanlage und die Anleitung der G\u00e4ste f\u00fcr ihre Bedienung gew\u00e4hrleistet werden.<br \/>\nSolltest du eine(n) Animateur*in (Hostess, Clown, Zauberer\/Zauberin oder \u00c4hnliches) w\u00fcnschen, k\u00f6nnen wir dir bei der Vermittlung behilflich sein.\n<\/p>\n<\/div>\n<\/div>\n<\/div>\n<\/div>\n<\/div>\n<\/div>\n<div class=\"divider one\">&nbsp;<\/div>\n<div class=\"standard_wrapper\">\n<div  class=\"one_third withsmallpadding ppb_text\" style=\"padding:30px 0 30px 0;\" >\n<div class=\"standard_wrapper\">\n<div class=\"page_content_wrapper\">\n<div class=\"inner\">\n<div style=\"margin:auto;width:100%\">\n<p style=\"text-align: center;\"><img loading=\"lazy\" decoding=\"async\" class=\"aligncenter size-medium wp-image-6692\" src=\"https:\/\/photobux.ch\/wp-content\/uploads\/2020\/07\/Photobus-USB-Stick.jpg\" alt=\"\" width=\"300\" height=\"300\" \/><\/p>\n<h5 style=\"text-align: center;\">Fotos auf einem USB-Stick<\/h5>\n<p>Wir senden dir nach dem Event alle deine Fotos auf einem USB-Stick zu. Charlies&#8250; USB-Stick bester Qualit\u00e4t hat viel Speicherplatz f\u00fcr weitere Dateien.\n<\/p>\n<\/div>\n<\/div>\n<\/div>\n<\/div>\n<\/div>\n<\/div>\n<div class=\"standard_wrapper\">\n<div  class=\"one_third withsmallpadding ppb_text\" style=\"padding:30px 0 30px 0;\" >\n<div class=\"standard_wrapper\">\n<div class=\"page_content_wrapper\">\n<div class=\"inner\">\n<div style=\"margin:auto;width:100%\">\n<p style=\"text-align: center;\">\n<div style=\"width: 300px; height: 300px;\"><img decoding=\"async\" class=\"aligncenter size-medium wp-image-6691\" src=\"https:\/\/photobux.ch\/wp-content\/uploads\/2020\/07\/Photobus-Branding.jpg\" alt=\"\" width=\"300\" \/><\/div>\n<\/p>\n<h5 style=\"text-align: center;\">Branding<\/h5>\n<p style=\"text-align: left;\">Wenn du Charlie mit deinem Brand versehen willst, k\u00f6nnen wir dein Logo auf der T\u00fcr gross und sichtbar f\u00fcr alle aufkleben.\n<\/p>\n<\/div>\n<\/div>\n<\/div>\n<\/div>\n<\/div>\n<\/div>\n<div class=\"standard_wrapper\">\n<div  class=\"one_third last withsmallpadding ppb_text\" style=\"padding:30px 0 30px 0;\" >\n<div class=\"standard_wrapper\">\n<div class=\"page_content_wrapper\">\n<div class=\"inner\">\n<div style=\"margin:auto;width:100%\">\n<p style=\"text-align: center;\"><img loading=\"lazy\" decoding=\"async\" class=\"aligncenter size-medium wp-image-6692\" src=\"https:\/\/photobux.ch\/wp-content\/uploads\/2020\/07\/Photobus-Fotoalbum.jpg\" alt=\"\" width=\"300\" height=\"300\" \/><\/p>\n<h5 style=\"text-align: center;\">handgemachtes Fotoalbum<\/h5>\n<p>Auf Wunsch und gegen einen Aufpreis gestalten wir ein handgemachtes Fotoalbum <strong>vor Ort<\/strong>, in dem auch deine G\u00e4ste ihre W\u00fcnsche f\u00fcr dich hineinschreiben k\u00f6nnen.\n<\/p>\n<\/div>\n<\/div>\n<\/div>\n<\/div>\n<\/div>\n<\/div>\n<div class=\"divider one\">&nbsp;<\/div>\n<div class=\"standard_wrapper\">\n<div  class=\"one_third withsmallpadding ppb_text\" style=\"padding:30px 0 30px 0;\" >\n<div class=\"standard_wrapper\">\n<div class=\"page_content_wrapper\">\n<div class=\"inner\">\n<div style=\"margin:auto;width:100%\">\n<p style=\"text-align: center;\"><img loading=\"lazy\" decoding=\"async\" class=\"aligncenter size-medium wp-image-6731\" src=\"https:\/\/photobux.ch\/wp-content\/uploads\/2020\/02\/Photobus-Kamera-300x300.jpg\" alt=\"\" width=\"300\" height=\"300\" \/><\/p>\n<h5 style=\"text-align: center;\">Kamera<\/h5>\n<p style=\"text-align: left;\">Charlie hat eine DSLR-Kamera, die erstklassige Fotos macht. Charlies&#8250; Canon-DSLR nimmt die Fotos aus perfekten Blickwinkeln auf.<br \/>\nDie Fotos der hochaufl\u00f6senden Kamera \u00fcberzeugen mit ihrer Detailtreue und ihren wundersch\u00f6nen Farben.<br \/>\nDu und deine G\u00e4ste m\u00fcssen nur auf dem R\u00fccksitz platznehmen und Charlies&#8250; vollautomatisiertes Kamera-System wird den Rest \u00fcbernehmen. Schon werden eure perfekten Erinnerungen festgehalten. <\/p>\n<\/div>\n<\/div>\n<\/div>\n<\/div>\n<\/div>\n<\/div>\n<div class=\"standard_wrapper\">\n<div  class=\"one_third withsmallpadding ppb_text\" style=\"padding:30px 0 30px 0;\" >\n<div class=\"standard_wrapper\">\n<div class=\"page_content_wrapper\">\n<div class=\"inner\">\n<div style=\"margin:auto;width:100%\">\n<p style=\"text-align: center;\"><img loading=\"lazy\" decoding=\"async\" class=\"aligncenter wp-image-6405 size-full\" src=\"https:\/\/photobux.ch\/wp-content\/uploads\/2019\/11\/Photobus-Animation-200.gif\" alt=\"Charlie der Fotobulli\" width=\"300\" height=\"300\" \/><\/p>\n<\/p>\n<h5 style=\"text-align: center;\">Make Someone Happy \ud83d\ude09<\/h5>\n<p style=\"text-align: left;\">\n<style>\n @font-face {\n  font-family: \"myfont294\";\n  src: url(\"https:\/\/photobux.ch\/wp-content\/plugins\/font_typed\/\/font\/BrushScriptStd.otf\") format(\"truetype\")\n}<\/p>\n<p>        \/* code for animated blinking cursor *\/\n\t\t.cl294,.typed_ {\t font-family: \"myfont294\";\tcolor:#882a21;\n\t\t\t\tfont-size:25px;}\n        .cl294 .typed-cursor{ font-family: \"myfont294\";\n\t\tcolor:#2a130f;\n\t\t\t\t\tfont-size:25px;\n            opacity: 1;\n            font-weight: 100;<\/p>\n<p>\t\t -webkit-animation: blink 0.7s infinite;\n            -moz-animation: blink 0.7s infinite;\n            -ms-animation: blink 0.7s infinite;\n            -o-animation: blink 0.7s infinite;\n            animation: blink 0.7s infinite;\n\t\t\t        }\n        @-keyframes blink{\n            0% { opacity:1; }\n            50% { opacity:0; }\n            100% { opacity:1; }\n        }\n        @-webkit-keyframes blink{\n            0% { opacity:1; }\n            50% { opacity:0; }\n            100% { opacity:1; }\n        }\n        @-moz-keyframes blink{\n            0% { opacity:1; }\n            50% { opacity:0; }\n            100% { opacity:1; }\n        }\n        @-ms-keyframes blink{\n            0% { opacity:1; }\n            50% { opacity:0; }\n            100% { opacity:1; }\n        }\n        @-o-keyframes blink{\n            0% { opacity:1; }\n            50% { opacity:0; }\n            100% { opacity:1; }\n        }\n    <\/style>\n<p>\t<span id=\"typed_div\" class=\"cl294\"><span id=\"typed\" style=\"display:inline-block\"><\/span><\/span><br \/>\n    <script src=\"https:\/\/photobux.ch\/wp-content\/plugins\/font_typed\/\/js\/jquery.min.js\" type=\"text\/javascript\"><\/script><br \/>\n    <script src=\"https:\/\/photobux.ch\/wp-content\/plugins\/font_typed\/\/js\/typed.js\" type=\"text\/javascript\"><\/script><\/p>\n<p> <script>\n    (function($){<\/p>\n<p>        $(\".cl294 #typed\").typed({\n            strings: [\"ein PhotoBus\",\"eine PhotoBox\",\"eine PhotoBux\"],\n            typeSpeed: 200,\n            backSpeed: 60,\n            startDelay: 50,\n            backDelay: 300,\n            randomize: 100,\n            cursorChar: '_',\n            showCursor:true,\n            loop:true,\n            contentType: 'html', \/\/ or text\n            \/\/ defaults to false for infinite loop\n            loopCount: false,\n            callback: function(){ \n\t\t\t\t\/\/ Uncomment these lines to make the cursor disappear after 2s. (2000 -> 2 s) \n\t\t\t\t\/\/ setTimeout(function(){\n\t\t\t\t\/\/ jQuery(\".typed-cursor\").hide(); \n\t\t\t\t\/\/ }, 2000);\n\t\t\t},\n            resetCallback: function() { newTyped(); }\n        });<\/p>\n<p>    }(jQuery.noConflict(true)));<\/p>\n<p>    function newTyped(){ \/* A new typed object *\/ }<\/p>\n<p>    function foo(){ console.log(\"Callback\"); }<\/p>\n<p>    <\/script><\/p>\n<\/div>\n<\/div>\n<\/div>\n<\/div>\n<\/div>\n<\/div>\n<div class=\"standard_wrapper\">\n<div  class=\"one_third last withsmallpadding ppb_text\" style=\"padding:30px 0 30px 0;\" >\n<div class=\"standard_wrapper\">\n<div class=\"page_content_wrapper\">\n<div class=\"inner\">\n<div style=\"margin:auto;width:100%\">\n<p style=\"text-align: center;\"><img loading=\"lazy\" decoding=\"async\" class=\"aligncenter size-medium wp-image-6691\" src=\"https:\/\/photobux.ch\/wp-content\/uploads\/2020\/01\/Photobus-Printout-300x300.jpg\" alt=\"\" width=\"300\" height=\"300\" \/><\/p>\n<h5 style=\"text-align: center;\">Extra Rabatt<\/h5>\n<p style=\"text-align: left;\"><strong>Kindergeburtstag \/ non-profit (NRO) Veranstaltung<\/strong><br \/>\nWir gew\u00e4hren f\u00fcr die oben genannanten Event-Kategorien einen Rabatt. <\/p>\n<\/div>\n<\/div>\n<\/div>\n<\/div>\n<\/div>\n<\/div>\n","protected":false},"excerpt":{"rendered":"","protected":false},"author":2,"featured_media":0,"parent":0,"menu_order":0,"comment_status":"closed","ping_status":"closed","template":"","meta":{"footnotes":""},"class_list":["post-6611","page","type-page","status-publish","hentry"],"_links":{"self":[{"href":"https:\/\/photobux.ch\/de\/wp-json\/wp\/v2\/pages\/6611","targetHints":{"allow":["GET"]}}],"collection":[{"href":"https:\/\/photobux.ch\/de\/wp-json\/wp\/v2\/pages"}],"about":[{"href":"https:\/\/photobux.ch\/de\/wp-json\/wp\/v2\/types\/page"}],"author":[{"embeddable":true,"href":"https:\/\/photobux.ch\/de\/wp-json\/wp\/v2\/users\/2"}],"replies":[{"embeddable":true,"href":"https:\/\/photobux.ch\/de\/wp-json\/wp\/v2\/comments?post=6611"}],"version-history":[{"count":49,"href":"https:\/\/photobux.ch\/de\/wp-json\/wp\/v2\/pages\/6611\/revisions"}],"predecessor-version":[{"id":10377,"href":"https:\/\/photobux.ch\/de\/wp-json\/wp\/v2\/pages\/6611\/revisions\/10377"}],"wp:attachment":[{"href":"https:\/\/photobux.ch\/de\/wp-json\/wp\/v2\/media?parent=6611"}],"curies":[{"name":"wp","href":"https:\/\/api.w.org\/{rel}","templated":true}]}}